{"id":2,"date":"2023-12-13T21:25:15","date_gmt":"2023-12-13T21:25:15","guid":{"rendered":"https:\/\/estereut.com\/home\/estereut\/public_html\/?page_id=2"},"modified":"2024-01-31T08:52:05","modified_gmt":"2024-01-31T07:52:05","slug":"sample-page","status":"publish","type":"page","link":"https:\/\/estereut.com\/","title":{"rendered":"L&#8217;Arte di Ester"},"content":{"rendered":"\n<div class=\"wp-block-columns is-layout-flex wp-container-core-columns-is-layout-9d6595d7 wp-block-columns-is-layout-flex\">\n<div class=\"wp-block-column is-layout-flow wp-block-column-is-layout-flow\"><div class=\"wp-block-image\">\n<figure class=\"aligncenter size-large is-resized\"><img loading=\"lazy\" decoding=\"async\" width=\"1024\" height=\"1024\" src=\"https:\/\/i0.wp.com\/estereut.com\/wp-content\/uploads\/2024\/01\/WhatsApp-Image-2024-01-29-at-14.56.40.jpeg?resize=1024%2C1024&#038;ssl=1\" alt=\"\" class=\"wp-image-101\" style=\"width:323px;height:auto\" srcset=\"https:\/\/i0.wp.com\/estereut.com\/wp-content\/uploads\/2024\/01\/WhatsApp-Image-2024-01-29-at-14.56.40.jpeg?resize=1024%2C1024&amp;ssl=1 1024w, https:\/\/i0.wp.com\/estereut.com\/wp-content\/uploads\/2024\/01\/WhatsApp-Image-2024-01-29-at-14.56.40.jpeg?resize=300%2C300&amp;ssl=1 300w, https:\/\/i0.wp.com\/estereut.com\/wp-content\/uploads\/2024\/01\/WhatsApp-Image-2024-01-29-at-14.56.40.jpeg?resize=150%2C150&amp;ssl=1 150w, https:\/\/i0.wp.com\/estereut.com\/wp-content\/uploads\/2024\/01\/WhatsApp-Image-2024-01-29-at-14.56.40.jpeg?resize=768%2C768&amp;ssl=1 768w, https:\/\/i0.wp.com\/estereut.com\/wp-content\/uploads\/2024\/01\/WhatsApp-Image-2024-01-29-at-14.56.40.jpeg?resize=920%2C920&amp;ssl=1 920w, https:\/\/i0.wp.com\/estereut.com\/wp-content\/uploads\/2024\/01\/WhatsApp-Image-2024-01-29-at-14.56.40.jpeg?resize=575%2C575&amp;ssl=1 575w, https:\/\/i0.wp.com\/estereut.com\/wp-content\/uploads\/2024\/01\/WhatsApp-Image-2024-01-29-at-14.56.40.jpeg?resize=380%2C380&amp;ssl=1 380w, https:\/\/i0.wp.com\/estereut.com\/wp-content\/uploads\/2024\/01\/WhatsApp-Image-2024-01-29-at-14.56.40.jpeg?resize=420%2C420&amp;ssl=1 420w, https:\/\/i0.wp.com\/estereut.com\/wp-content\/uploads\/2024\/01\/WhatsApp-Image-2024-01-29-at-14.56.40.jpeg?resize=800%2C800&amp;ssl=1 800w, https:\/\/i0.wp.com\/estereut.com\/wp-content\/uploads\/2024\/01\/WhatsApp-Image-2024-01-29-at-14.56.40.jpeg?resize=100%2C100&amp;ssl=1 100w, https:\/\/i0.wp.com\/estereut.com\/wp-content\/uploads\/2024\/01\/WhatsApp-Image-2024-01-29-at-14.56.40.jpeg?w=1080&amp;ssl=1 1080w\" sizes=\"auto, (max-width: 1024px) 100vw, 1024px\" data-recalc-dims=\"1\" \/><\/figure>\n<\/div>\n\n\n<div style=\"height:38px\" aria-hidden=\"true\" class=\"wp-block-spacer\"><\/div>\n\n\n\n<hr class=\"wp-block-separator has-alpha-channel-opacity\"\/>\n\n\n\n<div class=\"wp-block-columns is-layout-flex wp-container-core-columns-is-layout-9d6595d7 wp-block-columns-is-layout-flex\">\n<div class=\"wp-block-column is-layout-flow wp-block-column-is-layout-flow\">\n<p><br><em>Una creazione di sogni perduti, desideri e pensieri, un respiro profondo nell&#8217;immaginazione di ci\u00f2 che \u00e8 oltre l&#8217;orizzonte che l&#8217;occhio pu\u00f2 vedere, la ricerca del vivere un profondo abbraccio di colori e immenso respiro di nuovi tramonti.<\/em><br><br>L&#8217;artista, sin dalla tenera et\u00e0, sente questa attrazione verso i colori, emozioni che non riesce a capire e non riesce a gestire, tanto che da bambina, invece di comprarsi le caramelle, acquistava dei tubetti di colore ad olio e li portava con s\u00e9 nei suoi lunghi viaggi. Tuttavia, non aveva il coraggio di usarli, non conosceva il suo cammino, non aveva una guida e si limitava a fare schizzi e disegni a matita, ma la sua piccola valigetta di legno era il suo tesoro.<br>Anni dopo un un incontro particolare: le fu richiesto di creare un dipinto e in quel momento scopr\u00ec un fuoco che inizi\u00f2 ad arderle dentro. <\/p>\n<\/div>\n\n\n\n<div class=\"wp-block-column is-layout-flow wp-block-column-is-layout-flow\">\n<p><br>L&#8217;artista fu subito attratta dal ritratto e cos\u00ec inizi\u00f2 la sua ricerca del realismo, la perfezione.<br>Sentiva, per\u00f2, le sue emozioni ancora schiacciate e inizi\u00f2 la ricerca dentro i suoi sentimenti verso l&#8217;immaginazione di ci\u00f2 che \u00e8 oltre l&#8217;orizzonte, oltre la calma del mare, della brezza sull&#8217;oceano, alla ricerca del brivido che la fa rivivere ogni giorno l&#8217;inizio di un nuovo tramonto.<br><br>L&#8217;artista si ispira molto al mare, il mare che cura ogni dolore, abbraccia il cuore perduto, rigenera la mente.<br>Lavora presso il suo studio in Piemonte Torino ma durante i suoi viaggi sposta il suo lavoro in campagna o al mare. Firma i suoi dipinti in basso a destra e controfirma sul retro.<\/p>\n<\/div>\n<\/div>\n<\/div>\n<\/div>\n","protected":false},"excerpt":{"rendered":"<p>Una creazione di sogni perduti, desideri e pensieri, un respiro profondo nell&#8217;immaginazione di ci\u00f2 che \u00e8 oltre l&#8217;orizzonte che l&#8217;occhio pu\u00f2 vedere, la ricerca del vivere un profondo abbraccio di [&hellip;]<\/p>\n","protected":false},"author":1,"featured_media":0,"parent":0,"menu_order":0,"comment_status":"closed","ping_status":"open","template":"","meta":{"footnotes":""},"class_list":["post-2","page","type-page","status-publish","hentry"],"jetpack_sharing_enabled":true,"_links":{"self":[{"href":"https:\/\/estereut.com\/index.php?rest_route=\/wp\/v2\/pages\/2","targetHints":{"allow":["GET"]}}],"collection":[{"href":"https:\/\/estereut.com\/index.php?rest_route=\/wp\/v2\/pages"}],"about":[{"href":"https:\/\/estereut.com\/index.php?rest_route=\/wp\/v2\/types\/page"}],"author":[{"embeddable":true,"href":"https:\/\/estereut.com\/index.php?rest_route=\/wp\/v2\/users\/1"}],"replies":[{"embeddable":true,"href":"https:\/\/estereut.com\/index.php?rest_route=%2Fwp%2Fv2%2Fcomments&post=2"}],"version-history":[{"count":19,"href":"https:\/\/estereut.com\/index.php?rest_route=\/wp\/v2\/pages\/2\/revisions"}],"predecessor-version":[{"id":390,"href":"https:\/\/estereut.com\/index.php?rest_route=\/wp\/v2\/pages\/2\/revisions\/390"}],"wp:attachment":[{"href":"https:\/\/estereut.com\/index.php?rest_route=%2Fwp%2Fv2%2Fmedia&parent=2"}],"curies":[{"name":"wp","href":"https:\/\/api.w.org\/{rel}","templated":true}]}}